{"id":36,"date":"2018-12-20T12:47:42","date_gmt":"2018-12-20T11:47:42","guid":{"rendered":"http:\/\/192.168.100.11\/wordpress\/?page_id=36"},"modified":"2024-05-27T19:46:40","modified_gmt":"2024-05-27T17:46:40","slug":"chronik","status":"publish","type":"page","link":"https:\/\/feuerwehr-holzhausen-porta.de\/?page_id=36","title":{"rendered":"Chronik"},"content":{"rendered":"\n<h1 class=\"wp-block-heading has-text-align-center\"><strong>Geschichte<\/strong><\/h1>\n\n\n\n<p>Am 13.04.1924 wurde eine Versammlung der Gemeinde Holzhausen durch den Gemeindevorsteher B\u00fcsching einberufen. Geladen wurden auch der&nbsp;Kreisbrandmeister Meier aus Minden und der Brandmeister Koch aus Hausberge. Da es in Holzhausen in letzter Zeit, vermutlich durch Brandstiftung, des&nbsp;\u00f6fteren brannte, wurde an diesem Tag eine&nbsp;<strong>Freiwillige Feuerwehr in Holzhausen<\/strong>&nbsp;gegr\u00fcndet.<\/p>\n\n\n\n<p>Der erste Vorstand setzte sich damals wie folgt zusammen:<\/p>\n\n\n\n<figure class=\"wp-block-table is-style-stripes\"><table class=\"has-fixed-layout\"><thead><tr><th class=\"has-text-align-center\" data-align=\"center\"> <strong>Funktion<\/strong> <\/th><th class=\"has-text-align-center\" data-align=\"center\"> <strong>Name<\/strong> <\/th><th class=\"has-text-align-center\" data-align=\"center\"> <strong>Beruf<\/strong> <\/th><\/tr><\/thead><tbody><tr><td class=\"has-text-align-center\" data-align=\"center\">Brandmeister<\/td><td class=\"has-text-align-center\" data-align=\"center\">Wilhelm Maschmeier<\/td><td class=\"has-text-align-center\" data-align=\"center\">M\u00fchlenbauer<\/td><\/tr><tr><td class=\"has-text-align-center\" data-align=\"center\">stv. Brandmeister<\/td><td class=\"has-text-align-center\" data-align=\"center\">Fritz Brand<\/td><td class=\"has-text-align-center\" data-align=\"center\">Tischlermeister<\/td><\/tr><tr><td class=\"has-text-align-center\" data-align=\"center\">Schriftwart<\/td><td class=\"has-text-align-center\" data-align=\"center\">B\u00e4umer<\/td><td class=\"has-text-align-center\" data-align=\"center\">Lehrer<\/td><\/tr><tr><td class=\"has-text-align-center\" data-align=\"center\">Kassenwart<\/td><td class=\"has-text-align-center\" data-align=\"center\">Wilhelm Borcherding<\/td><td class=\"has-text-align-center\" data-align=\"center\">Kassenbauer<\/td><\/tr><tr><td class=\"has-text-align-center\" data-align=\"center\">R\u00fcstmeister<\/td><td class=\"has-text-align-center\" data-align=\"center\">Wilhelm L\u00fcbkemann<\/td><td class=\"has-text-align-center\" data-align=\"center\">Schmied<\/td><\/tr><\/tbody><\/table><\/figure>\n\n\n\n<p>Mit der Gr\u00fcndung der&nbsp;<strong>Freiwilligen Feuerwehr<\/strong>&nbsp;wurde die Zeit der Pflichtfeuerwehr abgel\u00f6st, die f\u00fcr die jungen M\u00e4nner des Dorfes oftmals zur Last&nbsp;wurde. Die Polizeibeh\u00f6rde konnte damals, wirklich, \u00dcbungsdienste ansetzen und bestimmte heute unter Strafandrohung zu einer Teilnahme verpflichten.&nbsp;<\/p>\n\n\n\n<p>Von nun an \u00fcbernahmen die Feuerwehrleute diese Aufgabe freiwillig f\u00fcr die Allgemeinheit. Zun\u00e4chst war die Wehr mit einer alten Spritze, einigen&nbsp;Eimern, Feuerhaken und Leitern ausger\u00fcstet, die auf dem Gut von Oheimb ihren Platz landen.<\/p>\n\n\n\n<p>Schon im August 1924 wurde eine neue Handdruckspritze beschafft, die noch heute funktionsf\u00e4hig ist.<\/p>\n\n\n\n<div class=\"wp-block-columns has-2-columns is-layout-flex wp-container-core-columns-is-layout-9d6595d7 wp-block-columns-is-layout-flex\">\n<div class=\"wp-block-column is-layout-flow wp-block-column-is-layout-flow\"><div class=\"wp-block-image\">\n<figure class=\"aligncenter\"><a href=\"https:\/\/feuerwehr-holzhausen-porta.de\/wp-content\/uploads\/2018\/12\/kleinschmidt_wilhelm.gif\"><img loading=\"lazy\" decoding=\"async\" width=\"300\" height=\"221\" src=\"https:\/\/feuerwehr-holzhausen-porta.de\/wp-content\/uploads\/2018\/12\/kleinschmidt_wilhelm-300x221.gif\" alt=\"\" class=\"wp-image-481\"\/><\/a><figcaption class=\"wp-element-caption\"> Hier 1974 mit OFM Wilhelm Kleinschmidt beim 50j\u00e4hrigen Bestehen der LG und die JF mit Peter Dreier, G\u00fcnter Mohme, Peter Walter und Thomas Wiebesiek.<\/figcaption><\/figure>\n<\/div><\/div>\n\n\n\n<div class=\"wp-block-column is-layout-flow wp-block-column-is-layout-flow\"><div class=\"wp-block-image\">\n<figure class=\"aligncenter\"><a href=\"https:\/\/feuerwehr-holzhausen-porta.de\/wp-content\/uploads\/2018\/12\/950JahreScheie20013.jpg\"><img loading=\"lazy\" decoding=\"async\" width=\"300\" height=\"225\" src=\"https:\/\/feuerwehr-holzhausen-porta.de\/wp-content\/uploads\/2018\/12\/950JahreScheie20013-300x225.jpg\" alt=\"\" class=\"wp-image-482\" srcset=\"https:\/\/feuerwehr-holzhausen-porta.de\/wp-content\/uploads\/2018\/12\/950JahreScheie20013-300x225.jpg 300w, https:\/\/feuerwehr-holzhausen-porta.de\/wp-content\/uploads\/2018\/12\/950JahreScheie20013-768x576.jpg 768w, https:\/\/feuerwehr-holzhausen-porta.de\/wp-content\/uploads\/2018\/12\/950JahreScheie20013.jpg 800w\" sizes=\"auto, (max-width: 300px) 100vw, 300px\" \/><\/a><figcaption class=\"wp-element-caption\"> &#8230; und bei der 950 Jahrfeier des Ortes Scheie bei B\u00fcckeburg (NS) im Jahre 2005<\/figcaption><\/figure>\n<\/div><\/div>\n<\/div>\n\n\n\n<p>Die ersten Jahre der Gr\u00fcndung waren von au\u00dferordentlicher Aktivit\u00e4t. Die Wehr bestand inzwischen aus 72 Aktiven und so kam es schon 1925 zur&nbsp;Gr\u00fcndung einer Musikkapelle, die von Kantor Seemann ins Leben gerufen wurde. Im Herbst 1925 wurde der Wehr ein sumpfiges Gel\u00e4nde (An der R\u00f6te)&nbsp;als \u00dcbungsplatz angewiesen. Das Grundst\u00fcck war aber so sumpfig, dass es kaum genutzt werden konnte. Schienen und Kippwagen wurden herangeholt,&nbsp;f\u00fcr Entw\u00e4sserung gesorgt, neue Gr\u00e4ben gelegt und \u00fcber 1000 Fuhren Boden und Erde gefahren. Der Bau des Steigerturmes wurde begonnen. Kr\u00e4ftige&nbsp;B\u00e4ume hierf\u00fcr lieferte das Rittergut Holzhausen I. So entstanden \u00dcbungsplatz und Steigerturm auf dem Gel\u00e4nde am Forellenweg.<\/p>\n\n\n\n<div class=\"wp-block-columns has-3-columns is-layout-flex wp-container-core-columns-is-layout-9d6595d7 wp-block-columns-is-layout-flex\">\n<div class=\"wp-block-column is-layout-flow wp-block-column-is-layout-flow\">\n<figure class=\"wp-block-image size-large\"><a href=\"https:\/\/feuerwehr-holzhausen-porta.de\/wp-content\/uploads\/2024\/05\/240527-1135-475567561.jpg\"><img loading=\"lazy\" decoding=\"async\" width=\"1024\" height=\"648\" src=\"https:\/\/feuerwehr-holzhausen-porta.de\/wp-content\/uploads\/2024\/05\/240527-1135-475567561-1024x648.jpg\" alt=\"\" class=\"wp-image-10437\" srcset=\"https:\/\/feuerwehr-holzhausen-porta.de\/wp-content\/uploads\/2024\/05\/240527-1135-475567561-1024x648.jpg 1024w, https:\/\/feuerwehr-holzhausen-porta.de\/wp-content\/uploads\/2024\/05\/240527-1135-475567561-300x190.jpg 300w, https:\/\/feuerwehr-holzhausen-porta.de\/wp-content\/uploads\/2024\/05\/240527-1135-475567561-768x486.jpg 768w, https:\/\/feuerwehr-holzhausen-porta.de\/wp-content\/uploads\/2024\/05\/240527-1135-475567561-1536x972.jpg 1536w, https:\/\/feuerwehr-holzhausen-porta.de\/wp-content\/uploads\/2024\/05\/240527-1135-475567561.jpg 1601w\" sizes=\"auto, (max-width: 1024px) 100vw, 1024px\" \/><\/a><figcaption class=\"wp-element-caption\">L\u00f6scheinheit aus dem Jahr 1926 &#8211; auch schon mit der Handspritzpumpe<\/figcaption><\/figure>\n<\/div>\n\n\n\n<div class=\"wp-block-column is-layout-flow wp-block-column-is-layout-flow\">\n<figure class=\"wp-block-image\"><a href=\"https:\/\/feuerwehr-holzhausen-porta.de\/wp-content\/uploads\/2018\/12\/alter_helm1.jpg\"><img loading=\"lazy\" decoding=\"async\" width=\"225\" height=\"300\" src=\"https:\/\/feuerwehr-holzhausen-porta.de\/wp-content\/uploads\/2018\/12\/alter_helm1-225x300.jpg\" alt=\"\" class=\"wp-image-484\" srcset=\"https:\/\/feuerwehr-holzhausen-porta.de\/wp-content\/uploads\/2018\/12\/alter_helm1-225x300.jpg 225w, https:\/\/feuerwehr-holzhausen-porta.de\/wp-content\/uploads\/2018\/12\/alter_helm1-768x1024.jpg 768w, https:\/\/feuerwehr-holzhausen-porta.de\/wp-content\/uploads\/2018\/12\/alter_helm1.jpg 900w\" sizes=\"auto, (max-width: 225px) 100vw, 225px\" \/><\/a><figcaption class=\"wp-element-caption\"> &#8230; der vermutlich einzige \u00fcber gebliebene Helm aus dieser Zeit <\/figcaption><\/figure>\n<\/div>\n\n\n\n<div class=\"wp-block-column is-layout-flow wp-block-column-is-layout-flow\">\n<figure class=\"wp-block-image size-large\"><a href=\"https:\/\/feuerwehr-holzhausen-porta.de\/wp-content\/uploads\/2021\/04\/alter_helm2.jpg\"><img loading=\"lazy\" decoding=\"async\" width=\"768\" height=\"1024\" src=\"https:\/\/feuerwehr-holzhausen-porta.de\/wp-content\/uploads\/2021\/04\/alter_helm2-768x1024.jpg\" alt=\"\" class=\"wp-image-5890\" srcset=\"https:\/\/feuerwehr-holzhausen-porta.de\/wp-content\/uploads\/2021\/04\/alter_helm2-768x1024.jpg 768w, https:\/\/feuerwehr-holzhausen-porta.de\/wp-content\/uploads\/2021\/04\/alter_helm2-225x300.jpg 225w, https:\/\/feuerwehr-holzhausen-porta.de\/wp-content\/uploads\/2021\/04\/alter_helm2-300x400.jpg 300w, https:\/\/feuerwehr-holzhausen-porta.de\/wp-content\/uploads\/2021\/04\/alter_helm2.jpg 900w\" sizes=\"auto, (max-width: 768px) 100vw, 768px\" \/><\/a><\/figure>\n<\/div>\n<\/div>\n\n\n\n<p>Die \u00dcbungsdienste wurden morgens um 5:00 Uhr angesetzt, damit man bis zum Kirchengang wieder zu Hause war. Die meist 40 &#8211; 50 anwesenden&nbsp;Feuerwehrm\u00e4nner \u00fcbten aber nicht nur mit Leitern, Haken und Spritze, sondern legten ganz besonderen Wert auf Fu\u00dfexerzieren und Sturmangriff. Das&nbsp;ganze nat\u00fcrlich mit Marschmusik der Feuerwehrkapelle.<\/p>\n\n\n\n<p class=\"has-text-align-center\">Die Wehr setzte sich 1928 zusammen aus:<br><\/p>\n\n\n\n<figure class=\"wp-block-table aligncenter is-style-stripes\"><table><thead><tr><th class=\"has-text-align-center\" data-align=\"center\"> <strong>Abteilung &amp; Funktion<\/strong> <\/th><th class=\"has-text-align-center\" data-align=\"center\"> <strong>Mannschaftsst\u00e4rke<\/strong> <\/th><\/tr><\/thead><tbody><tr><td class=\"has-text-align-center\" data-align=\"center\">Vorstand<\/td><td class=\"has-text-align-center\" data-align=\"center\">4<\/td><\/tr><tr><td class=\"has-text-align-center\" data-align=\"center\">Kapelle<\/td><td class=\"has-text-align-center\" data-align=\"center\">24<\/td><\/tr><tr><td class=\"has-text-align-center\" data-align=\"center\">Steigerabteilung<\/td><td class=\"has-text-align-center\" data-align=\"center\">12<\/td><\/tr><tr><td class=\"has-text-align-center\" data-align=\"center\">Sanit\u00e4terabteilung<\/td><td class=\"has-text-align-center\" data-align=\"center\">5<\/td><\/tr><tr><td class=\"has-text-align-center\" data-align=\"center\">Spritzenabteilung<\/td><td class=\"has-text-align-center\" data-align=\"center\">26<\/td><\/tr><tr><td class=\"has-text-align-center\" data-align=\"center\">Ordnungsabteilung<\/td><td class=\"has-text-align-center\" data-align=\"center\">10<\/td><\/tr><\/tbody><\/table><\/figure>\n\n\n\n<p>In Holzhausen selbst hatte die Wehr bis Anfang des Krieges nicht all zuviel Br\u00e4nde zu bek\u00e4mpfen, doch musste sie des \u00f6fteren in Costedt oder&nbsp;Vennebecker Bruch eingreifen. Die St\u00e4rke der Wehr blieb bis 1941 etwa konstant, dann wurden 60% der Kameraden an die Front gerufen. Man musste&nbsp;wieder auf die Pflichtfeuerwehr zur\u00fcckgreifen, die es schon nach einem Gemeindeprotokoll vom 26. April 1847 gab. Auch die Kapelle existierte nicht&nbsp;mehr. Im Mai 1941 wurde eine Motorspritze angeschafft, die nat\u00fcrlich eine gr\u00f6\u00dfere Leistung als die Handdruckspritze brachte. In den folgenden&nbsp;Kriegsjahren kam die Motorspritze leider oft genug zum Einsatz. Schneller und beweglicher wurde unsere L\u00f6schgruppe als sie 1961 einen Feuerwehrbulli&nbsp;bekam. Der aus dem VW K\u00e4fer entwickelte VW Transporter mit einer Nutzlast von 1t, hatte einen luftgek\u00fchlten Vier-Zylinder-Boxermotor mit 25 PS und&nbsp;1131 ccm Hubraum. Er diente als TSF (Tragkraftspritzenfahrzeug), hatte 3 Sitzpl\u00e4tze und eine eingeschobene Tragkraftspritze (TS8).<\/p>\n\n\n\n<p>Nach dem Krieg war auch ein Feuerwehr-Ger\u00e4tehaus an der Vlothoer Stra\u00dfe, Ecke M\u00f6llberger Stra\u00dfe erbaut worden.<br><\/p>\n\n\n\n<div class=\"wp-block-columns has-2-columns is-layout-flex wp-container-core-columns-is-layout-9d6595d7 wp-block-columns-is-layout-flex\">\n<div class=\"wp-block-column is-layout-flow wp-block-column-is-layout-flow\">\n<figure class=\"wp-block-image\"><a href=\"https:\/\/feuerwehr-holzhausen-porta.de\/wp-content\/uploads\/2019\/06\/Chronik.jpg\"><img loading=\"lazy\" decoding=\"async\" width=\"1024\" height=\"768\" src=\"https:\/\/feuerwehr-holzhausen-porta.de\/wp-content\/uploads\/2019\/06\/Chronik-1024x768.jpg\" alt=\"\" class=\"wp-image-2503\" srcset=\"https:\/\/feuerwehr-holzhausen-porta.de\/wp-content\/uploads\/2019\/06\/Chronik-1024x768.jpg 1024w, https:\/\/feuerwehr-holzhausen-porta.de\/wp-content\/uploads\/2019\/06\/Chronik-300x225.jpg 300w, https:\/\/feuerwehr-holzhausen-porta.de\/wp-content\/uploads\/2019\/06\/Chronik-768x576.jpg 768w, https:\/\/feuerwehr-holzhausen-porta.de\/wp-content\/uploads\/2019\/06\/Chronik.jpg 1600w\" sizes=\"auto, (max-width: 1024px) 100vw, 1024px\" \/><\/a><figcaption class=\"wp-element-caption\">Das alte Ger\u00e4tehaus<\/figcaption><\/figure>\n<\/div>\n\n\n\n<div class=\"wp-block-column is-layout-flow wp-block-column-is-layout-flow\">\n<figure class=\"wp-block-image\"><a href=\"https:\/\/feuerwehr-holzhausen-porta.de\/wp-content\/uploads\/2019\/06\/Standarte08081020028.jpg\"><img loading=\"lazy\" decoding=\"async\" width=\"1024\" height=\"768\" src=\"https:\/\/feuerwehr-holzhausen-porta.de\/wp-content\/uploads\/2019\/06\/Standarte08081020028-1024x768.jpg\" alt=\"\" class=\"wp-image-2505\" srcset=\"https:\/\/feuerwehr-holzhausen-porta.de\/wp-content\/uploads\/2019\/06\/Standarte08081020028-1024x768.jpg 1024w, https:\/\/feuerwehr-holzhausen-porta.de\/wp-content\/uploads\/2019\/06\/Standarte08081020028-300x225.jpg 300w, https:\/\/feuerwehr-holzhausen-porta.de\/wp-content\/uploads\/2019\/06\/Standarte08081020028-768x576.jpg 768w, https:\/\/feuerwehr-holzhausen-porta.de\/wp-content\/uploads\/2019\/06\/Standarte08081020028.jpg 1600w\" sizes=\"auto, (max-width: 1024px) 100vw, 1024px\" \/><\/a><figcaption class=\"wp-element-caption\">Standortzeichung des alten  Ger\u00e4tehauses<\/figcaption><\/figure>\n<\/div>\n<\/div>\n\n\n\n<p>Bis 1970 diente es der Feuerwehr als Unterkunft, dann musste es dem Ausbau der Kreuzung M\u00f6llberger Stra\u00dfe \/ Ellerburger Stra\u00dfe weichen. Das&nbsp;Feuerwehrger\u00e4tehaus aus dieser Zeit ist auf der Standarte der Freiwilligen Feuerwehr Holzhausen abgebildet.&nbsp;Nach einem kurzen Provisorium konnte die L\u00f6schgruppe dann 1974 in ein neues, eigens f\u00fcr sie erbautes, Ger\u00e4tehaus an der M\u00f6llberger Stra\u00dfe&nbsp;einziehen.<\/p>\n\n\n\n<figure class=\"wp-block-image\"><a href=\"https:\/\/feuerwehr-holzhausen-porta.de\/wp-content\/uploads\/2019\/06\/Standarte08081020020.jpg\"><img loading=\"lazy\" decoding=\"async\" width=\"1600\" height=\"1200\" src=\"https:\/\/feuerwehr-holzhausen-porta.de\/wp-content\/uploads\/2019\/06\/Standarte08081020020.jpg\" alt=\"\" class=\"wp-image-2506\" srcset=\"https:\/\/feuerwehr-holzhausen-porta.de\/wp-content\/uploads\/2019\/06\/Standarte08081020020.jpg 1600w, https:\/\/feuerwehr-holzhausen-porta.de\/wp-content\/uploads\/2019\/06\/Standarte08081020020-300x225.jpg 300w, https:\/\/feuerwehr-holzhausen-porta.de\/wp-content\/uploads\/2019\/06\/Standarte08081020020-768x576.jpg 768w, https:\/\/feuerwehr-holzhausen-porta.de\/wp-content\/uploads\/2019\/06\/Standarte08081020020-1024x768.jpg 1024w\" sizes=\"auto, (max-width: 1600px) 100vw, 1600px\" \/><\/a><figcaption class=\"wp-element-caption\">Ger\u00e4tehaus in den 80igern<\/figcaption><\/figure>\n\n\n\n<p>Anfangs musste sich die L\u00f6schgruppe dieses neue Geb\u00e4ude mit dem Baubetriebshof teilen. Nach der Fertigstellung des Anbaus f\u00fcr den Baubetriebshof&nbsp;geh\u00f6rte das Ger\u00e4tehaus der Feuerwehr f\u00fcr kurze Zeit allein. Von 1979 bis 1986 teilte man sich das Geb\u00e4ude dann mit der Werkstatt der Hauptamtlichen&nbsp;Feuer- und Rettungswache, bis zu deren Fertigstellung am F\u00e4hranger. Seit 1986 war die Feuerwehr Holzhausen wieder allein im Feuerwehrger\u00e4tehaus an&nbsp;der M\u00f6llberger Stra\u00dfe untergebracht. Jedoch weitete sich der nun nebenan beheimatete Baubetriebshof immer weiter aus so dass es 1994 seitens der&nbsp;Feuerwehr zum Antrag auf Trennung zwischen Baubetriebshof und Feuerwehr kam.<\/p>\n\n\n\n<p>Weitere 8 Jahre mu\u00dfte die Feuerwehr Geduld aufbringen bis schlu\u00dfendlich im Jahre 2002 im Rahmen der Erstellung des Brandschutzbedarfsplanes f\u00fcr&nbsp;die Stadt Porta Westfalica der Standort der Feuerwehr Holzhausen als &#8222;strategisch richtig gew\u00e4hlt&#8220; bezeichnet wurde. Die Renovierung eines f\u00fcr&nbsp;Asylbewerber gebauten Hauses mit dem Anbau einer Umkleidekabine und einer gro\u00dfen Fahrzeughalle wurde beschlossen. Offizielle Einweihung des&nbsp;neuen Feuerwehrger\u00e4tehauses war dann am 26.03.2005<\/p>\n\n\n\n<figure class=\"wp-block-image\"><a href=\"https:\/\/feuerwehr-holzhausen-porta.de\/wp-content\/uploads\/2019\/06\/fw_gh_mai_2005.jpg\"><img loading=\"lazy\" decoding=\"async\" width=\"1024\" height=\"596\" src=\"https:\/\/feuerwehr-holzhausen-porta.de\/wp-content\/uploads\/2019\/06\/fw_gh_mai_2005-1024x596.jpg\" alt=\"\" class=\"wp-image-2508\" srcset=\"https:\/\/feuerwehr-holzhausen-porta.de\/wp-content\/uploads\/2019\/06\/fw_gh_mai_2005-1024x596.jpg 1024w, https:\/\/feuerwehr-holzhausen-porta.de\/wp-content\/uploads\/2019\/06\/fw_gh_mai_2005-300x175.jpg 300w, https:\/\/feuerwehr-holzhausen-porta.de\/wp-content\/uploads\/2019\/06\/fw_gh_mai_2005-768x447.jpg 768w, https:\/\/feuerwehr-holzhausen-porta.de\/wp-content\/uploads\/2019\/06\/fw_gh_mai_2005.jpg 1280w\" sizes=\"auto, (max-width: 1024px) 100vw, 1024px\" \/><\/a><figcaption class=\"wp-element-caption\"> Feuerwehrger\u00e4tehaus Freiwillige Feuerwehr Porta Westfalica-HOLZHAUSEN<br>seit August\/September 2004<br>(offizielle Einweihung 26.03.2005) <\/figcaption><\/figure>\n\n\n\n<p>Die Freiwillige Feuerwehr Porta Westfalica-HOLZHAUSEN geh\u00f6rt heute dem Zug 5, der insgesamt 5&nbsp;Z\u00fcge&nbsp;auf Stadtebene,&nbsp;an. Er besteht aus den L\u00f6schgruppen: Holtrup-Vennebeck-Costedt und Holzhausen.<\/p>\n\n\n\n<p>Spezialaufgaben wie das Besetzen des Einsatzleitwagens (ELW 1\/2), der Feuerwehr der Stadt Pota Westfalica, sowie des auf der Hauptamtlichen Feuer- und&nbsp;Rettungswache stationierten R\u00fcstwagens (RW 2), nimmt unsere L\u00f6schgruppe heute wahr.<\/p>\n\n\n\n<p>Eine der gr\u00f6\u00dften Herausforderungen der gesamten Zeit war wohl die Gr\u00fcndung der Jugendfeuerwehr 1973. Aus der Erkenntnis heraus, ohne einen&nbsp;Grundstock zur Nachwuchsf\u00f6rderung bald nicht mehr genug aktive Kameraden zu haben, entschlossen sich die damaligen Mitglieder eine&nbsp;Jugendfeuerwehr ins Leben zu rufen.&nbsp;Ende der siebziger Jahre wurden die ersten Jugendlichen in die aktive Wehr \u00fcbernommen. Seitdem ist unsere L\u00f6schgruppe eine der st\u00e4rksten Gruppen&nbsp;der Stadt Porta Westfalica.<\/p>\n\n\n\n<p class=\"has-text-align-center\">\nStandarte 1964 zum 40 j\u00e4hrigen Jubil\u00e4um angeschafft und 1999 zum 75 j\u00e4hrigen Jubil\u00e4um restauriert\n\n<\/p>\n\n\n\n<div class=\"wp-block-columns has-2-columns is-layout-flex wp-container-core-columns-is-layout-9d6595d7 wp-block-columns-is-layout-flex\">\n<div class=\"wp-block-column is-layout-flow wp-block-column-is-layout-flow\"><div class=\"wp-block-image\">\n<figure class=\"aligncenter\"><a href=\"https:\/\/feuerwehr-holzhausen-porta.de\/wp-content\/uploads\/2019\/06\/Standarte_li.jpg\"><img loading=\"lazy\" decoding=\"async\" width=\"225\" height=\"300\" src=\"https:\/\/feuerwehr-holzhausen-porta.de\/wp-content\/uploads\/2019\/06\/Standarte_li-225x300.jpg\" alt=\"\" class=\"wp-image-2513\" srcset=\"https:\/\/feuerwehr-holzhausen-porta.de\/wp-content\/uploads\/2019\/06\/Standarte_li-225x300.jpg 225w, https:\/\/feuerwehr-holzhausen-porta.de\/wp-content\/uploads\/2019\/06\/Standarte_li-768x1024.jpg 768w, https:\/\/feuerwehr-holzhausen-porta.de\/wp-content\/uploads\/2019\/06\/Standarte_li.jpg 900w\" sizes=\"auto, (max-width: 225px) 100vw, 225px\" \/><\/a><\/figure>\n<\/div><\/div>\n\n\n\n<div class=\"wp-block-column is-layout-flow wp-block-column-is-layout-flow\"><div class=\"wp-block-image\">\n<figure class=\"aligncenter\"><a href=\"https:\/\/feuerwehr-holzhausen-porta.de\/wp-content\/uploads\/2019\/06\/Standarte_re.jpg\"><img loading=\"lazy\" decoding=\"async\" width=\"300\" height=\"225\" src=\"https:\/\/feuerwehr-holzhausen-porta.de\/wp-content\/uploads\/2019\/06\/Standarte_re-300x225.jpg\" alt=\"\" class=\"wp-image-2514\" srcset=\"https:\/\/feuerwehr-holzhausen-porta.de\/wp-content\/uploads\/2019\/06\/Standarte_re-300x225.jpg 300w, https:\/\/feuerwehr-holzhausen-porta.de\/wp-content\/uploads\/2019\/06\/Standarte_re-768x576.jpg 768w, https:\/\/feuerwehr-holzhausen-porta.de\/wp-content\/uploads\/2019\/06\/Standarte_re-1024x768.jpg 1024w, https:\/\/feuerwehr-holzhausen-porta.de\/wp-content\/uploads\/2019\/06\/Standarte_re.jpg 1600w\" sizes=\"auto, (max-width: 300px) 100vw, 300px\" \/><\/a><\/figure>\n<\/div><\/div>\n<\/div>\n","protected":false},"excerpt":{"rendered":"<p>Geschichte Am 13.04.1924 wurde eine Versammlung der Gemeinde Holzhausen durch den Gemeindevorsteher B\u00fcsching einberufen. Geladen wurden auch der&nbsp;Kreisbrandmeister Meier aus Minden und der Brandmeister Koch aus Hausberge. Da es in Holzhausen in letzter Zeit, vermutlich durch Brandstiftung, des&nbsp;\u00f6fteren brannte, wurde an diesem Tag eine&nbsp;Freiwillige Feuerwehr in Holzhausen&nbsp;gegr\u00fcndet. Der erste Vorstand setzte sich damals wie folgt [&hellip;]<\/p>\n","protected":false},"author":1,"featured_media":0,"parent":0,"menu_order":0,"comment_status":"closed","ping_status":"closed","template":"","meta":{"ocean_post_layout":"","ocean_both_sidebars_style":"","ocean_both_sidebars_content_width":0,"ocean_both_sidebars_sidebars_width":0,"ocean_sidebar":"0","ocean_second_sidebar":"0","ocean_disable_margins":"enable","ocean_add_body_class":"","ocean_shortcode_before_top_bar":"","ocean_shortcode_after_top_bar":"","ocean_shortcode_before_header":"","ocean_shortcode_after_header":"","ocean_has_shortcode":"","ocean_shortcode_after_title":"","ocean_shortcode_before_footer_widgets":"","ocean_shortcode_after_footer_widgets":"","ocean_shortcode_before_footer_bottom":"","ocean_shortcode_after_footer_bottom":"","ocean_display_top_bar":"default","ocean_display_header":"default","ocean_header_style":"","ocean_center_header_left_menu":"0","ocean_custom_header_template":"0","ocean_custom_logo":0,"ocean_custom_retina_logo":0,"ocean_custom_logo_max_width":0,"ocean_custom_logo_tablet_max_width":0,"ocean_custom_logo_mobile_max_width":0,"ocean_custom_logo_max_height":0,"ocean_custom_logo_tablet_max_height":0,"ocean_custom_logo_mobile_max_height":0,"ocean_header_custom_menu":"0","ocean_menu_typo_font_family":"0","ocean_menu_typo_font_subset":"","ocean_menu_typo_font_size":0,"ocean_menu_typo_font_size_tablet":0,"ocean_menu_typo_font_size_mobile":0,"ocean_menu_typo_font_size_unit":"px","ocean_menu_typo_font_weight":"","ocean_menu_typo_font_weight_tablet":"","ocean_menu_typo_font_weight_mobile":"","ocean_menu_typo_transform":"","ocean_menu_typo_transform_tablet":"","ocean_menu_typo_transform_mobile":"","ocean_menu_typo_line_height":0,"ocean_menu_typo_line_height_tablet":0,"ocean_menu_typo_line_height_mobile":0,"ocean_menu_typo_line_height_unit":"","ocean_menu_typo_spacing":0,"ocean_menu_typo_spacing_tablet":0,"ocean_menu_typo_spacing_mobile":0,"ocean_menu_typo_spacing_unit":"","ocean_menu_link_color":"","ocean_menu_link_color_hover":"","ocean_menu_link_color_active":"","ocean_menu_link_background":"","ocean_menu_link_hover_background":"","ocean_menu_link_active_background":"","ocean_menu_social_links_bg":"","ocean_menu_social_hover_links_bg":"","ocean_menu_social_links_color":"","ocean_menu_social_hover_links_color":"","ocean_disable_title":"default","ocean_disable_heading":"default","ocean_post_title":"","ocean_post_subheading":"","ocean_post_title_style":"","ocean_post_title_background_color":"","ocean_post_title_background":0,"ocean_post_title_bg_image_position":"","ocean_post_title_bg_image_attachment":"","ocean_post_title_bg_image_repeat":"","ocean_post_title_bg_image_size":"","ocean_post_title_height":0,"ocean_post_title_bg_overlay":0.5,"ocean_post_title_bg_overlay_color":"","ocean_disable_breadcrumbs":"default","ocean_breadcrumbs_color":"","ocean_breadcrumbs_separator_color":"","ocean_breadcrumbs_links_color":"","ocean_breadcrumbs_links_hover_color":"","ocean_display_footer_widgets":"default","ocean_display_footer_bottom":"default","ocean_custom_footer_template":"0","ofc_meta_disable_footer_callout":"","ofc_meta_callout_button_url":"","ofc_meta_callout_button_txt":"","ofc_meta_callout_text":"","ofc_enable_fullscreen":"disable","ofc_fullscreen_speed":0,"ofc_fullscreen_nav":"enable","ofc_fullscreen_nav_pos":"right","ofc_fullscreen_nav_color":"","ofc_fullscreen_nav_tooltip_color":"","ofc_fullscreen_responsive":0,"osh_disable_topbar_sticky":"default","osh_disable_header_sticky":"default","osh_sticky_header_style":"default","osh_sticky_header_effect":"","osh_custom_sticky_logo":0,"osh_custom_retina_sticky_logo":0,"osh_custom_sticky_logo_height":0,"osh_background_color":"","osh_links_color":"","osh_links_hover_color":"","osh_links_active_color":"","osh_links_bg_color":"","osh_links_hover_bg_color":"","osh_links_active_bg_color":"","osh_menu_social_links_color":"","osh_menu_social_hover_links_color":"","footnotes":""},"class_list":["post-36","page","type-page","status-publish","hentry","entry"],"_links":{"self":[{"href":"https:\/\/feuerwehr-holzhausen-porta.de\/index.php?rest_route=\/wp\/v2\/pages\/36","targetHints":{"allow":["GET"]}}],"collection":[{"href":"https:\/\/feuerwehr-holzhausen-porta.de\/index.php?rest_route=\/wp\/v2\/pages"}],"about":[{"href":"https:\/\/feuerwehr-holzhausen-porta.de\/index.php?rest_route=\/wp\/v2\/types\/page"}],"author":[{"embeddable":true,"href":"https:\/\/feuerwehr-holzhausen-porta.de\/index.php?rest_route=\/wp\/v2\/users\/1"}],"replies":[{"embeddable":true,"href":"https:\/\/feuerwehr-holzhausen-porta.de\/index.php?rest_route=%2Fwp%2Fv2%2Fcomments&post=36"}],"version-history":[{"count":40,"href":"https:\/\/feuerwehr-holzhausen-porta.de\/index.php?rest_route=\/wp\/v2\/pages\/36\/revisions"}],"predecessor-version":[{"id":10438,"href":"https:\/\/feuerwehr-holzhausen-porta.de\/index.php?rest_route=\/wp\/v2\/pages\/36\/revisions\/10438"}],"wp:attachment":[{"href":"https:\/\/feuerwehr-holzhausen-porta.de\/index.php?rest_route=%2Fwp%2Fv2%2Fmedia&parent=36"}],"curies":[{"name":"wp","href":"https:\/\/api.w.org\/{rel}","templated":true}]}}