{"id":38,"date":"2018-12-20T12:48:12","date_gmt":"2018-12-20T11:48:12","guid":{"rendered":"http:\/\/192.168.100.11\/wordpress\/?page_id=38"},"modified":"2023-03-27T20:45:30","modified_gmt":"2023-03-27T18:45:30","slug":"partnerfeuerwehr","status":"publish","type":"page","link":"https:\/\/feuerwehr-holzhausen-porta.de\/?page_id=38","title":{"rendered":"Partnerfeuerwehr"},"content":{"rendered":"\n<h2 class=\"has-text-align-center wp-block-heading\"><strong><a href=\"https:\/\/www.feuerwehr-vockenhausen.de\" data-type=\"URL\" data-id=\"https:\/\/www.feuerwehr-vockenhausen.de\" target=\"_blank\" rel=\"noreferrer noopener\">Freundschaftsfeuerwehr Vockenhausen<\/a><\/strong><\/h2>\n\n\n\n<h3 class=\"has-text-align-center wp-block-heading\"><strong>Gute Freunde<\/strong><\/h3>\n\n\n<div class=\"wp-block-image\">\n<figure class=\"aligncenter\"><img loading=\"lazy\" decoding=\"async\" width=\"464\" height=\"280\" src=\"https:\/\/feuerwehr-holzhausen-porta.de\/wp-content\/uploads\/2019\/06\/Vockenhausen.gif\" alt=\"\" class=\"wp-image-2501\"\/><\/figure>\n<\/div>\n\n\n<p>Seit 1985 pflegt die L\u00f6schgruppe Holzhausen eine Freundschaft mit der Freiwilligen Feuerwehr&nbsp;Vockenhausen der Stadt Eppstein im Main-Taunus- Kreis des Bundeslandes Hessen.<\/p>\n\n\n\n<p>Bis die Kameraden aus Vockenhausen im Jahre 1985 eine Hochsee-Angeltour planten, sollte&nbsp;unterwegs eine \u00dcbernachtungsm\u00f6glichkeit in unserer Gegend gefunden werden. Der ehemalige&nbsp;Kamerad aus Holzhausen, Werner Petersen, der inzwischen aus beruflichen Gr\u00fcnden in den Main-Taunus-Kreis gezogen war und sich der dortigen Feuerwehr anschloss, vermittelte diesbez\u00fcglich&nbsp;zwischen beiden Wehrf\u00fchrungen. Der &#8222;Zwischenstopp&#8220; in Holzhausen, auf dem Weg nach Fehmarn,&nbsp;wurde dann zum Grundstock f\u00fcr eine bis heute andauernde Freundschaft beider Feuerwehren.<\/p>\n\n\n\n<p>Ein von den Vockenh\u00e4usern halb besetzter Reisebus f\u00fcr diese Fahrt wurde noch am selben Abend von&nbsp;Holzhauser Kameraden aufgef\u00fcllt. So begann man praktisch gleich mit einem gemeinsamen Ausflug&nbsp;beider &#8222;L\u00f6scheinheiten&#8220;.<\/p>\n\n\n\n<p>Gemeinsame Fahrten sollten folgen.<br>Mondsee in \u00d6sterreich (1989), Edersee (1997), Prag (2001) sowie Horum Ostfriesland (2010).<br>Seit dem Jahr 2000 traf man sich j\u00e4hrlich zu gemeinsamen Zeltlagern in Bodenwerder. Selbst die Jugendabteilungen unserer Wehren sind seither in&nbsp;st\u00e4ndigem Kontakt miteinander.<\/p>\n\n\n\n<p>Nach 7-j\u00e4hriger Freundschaft wurde die Beziehung dann auch partnerschaftlich beurkundet. Im Jahre 1992 fand die 1.&nbsp;Beurkundung auf einer Veranstaltung in Holzhausen statt.<\/p>\n\n\n\n<p>B\u00fcrgermeister Heinrich Sch\u00e4fer h\u00f6chstpers\u00f6nlich verk\u00fcndete den Beschluss beider Wehren, in Bezug auf den Text der Urkunde, mit den Worten &#8222;schon&nbsp;fast ein politischer Auftrag&#8220;. Bei einem Vatertags-Fr\u00fchschoppen in Vockenhausen, im Jahre 1993, folgte die 2. Beurkundung.<\/p>\n\n\n\n<p>Durchschnittlich 4x im Jahr treffen sich die Abordnungen unserer Feuerwehren zu den verschiedensten Anl\u00e4ssen, wie zum Beispiel dem Oktoberfest in&nbsp;Vockenhausen, Osterfeuer in Holzhausen, Kappenfest in Vockenhausen, Stadtfest in Porta, Geburtstage, Hochzeitsfeiern, Jubil\u00e4en, B\u00fcrgermeister-Pokal&nbsp;in Porta, Kerbfest, Vatertragstreffen in Vockenhausen u.v.m. &#8230;<\/p>\n\n\n\n<p>Auf Grund der langj\u00e4hrigen Beziehung zur Wehr in Vockenhausen haben sich auch private Freundschaften gebildet. Auch hier werden gemeinsame&nbsp;Fahrten und Treffen fast schon regelm\u00e4\u00dfig durchgef\u00fchrt. Sowohl im Aktiven als auch im Jugendbereich ist diese Partnerschaft ein voller Erfolg, auf den&nbsp;wir Stolz sind.<\/p>\n\n\n\n<p>Da bei solch einer Partnerschaft aber immer &#8222;zwei&#8220; dazugeh\u00f6ren, geht einmal mehr unser besonderer Dank an die Kameraden, Kameradinnen und&nbsp;Feuerwehr-Familien in Vockenhausen, f\u00fcr die immer wieder herzliche Aufnahme in der Stadt Eppstein.<\/p>\n\n\n<div class=\"wp-block-image\">\n<figure class=\"aligncenter\"><img loading=\"lazy\" decoding=\"async\" width=\"400\" height=\"586\" src=\"https:\/\/feuerwehr-holzhausen-porta.de\/wp-content\/uploads\/2019\/06\/urkunde_preview.jpg\" alt=\"\" class=\"wp-image-2500\" srcset=\"https:\/\/feuerwehr-holzhausen-porta.de\/wp-content\/uploads\/2019\/06\/urkunde_preview.jpg 400w, https:\/\/feuerwehr-holzhausen-porta.de\/wp-content\/uploads\/2019\/06\/urkunde_preview-205x300.jpg 205w\" sizes=\"auto, (max-width: 400px) 100vw, 400px\" \/><\/figure>\n<\/div>","protected":false},"excerpt":{"rendered":"<p>Freundschaftsfeuerwehr Vockenhausen Gute Freunde Seit 1985 pflegt die L\u00f6schgruppe Holzhausen eine Freundschaft mit der Freiwilligen Feuerwehr&nbsp;Vockenhausen der Stadt Eppstein im Main-Taunus- Kreis des Bundeslandes Hessen. Bis die Kameraden aus Vockenhausen im Jahre 1985 eine Hochsee-Angeltour planten, sollte&nbsp;unterwegs eine \u00dcbernachtungsm\u00f6glichkeit in unserer Gegend gefunden werden. Der ehemalige&nbsp;Kamerad aus Holzhausen, Werner Petersen, der inzwischen aus beruflichen Gr\u00fcnden [&hellip;]<\/p>\n","protected":false},"author":1,"featured_media":0,"parent":0,"menu_order":0,"comment_status":"closed","ping_status":"closed","template":"","meta":{"ocean_post_layout":"","ocean_both_sidebars_style":"","ocean_both_sidebars_content_width":0,"ocean_both_sidebars_sidebars_width":0,"ocean_sidebar":"0","ocean_second_sidebar":"0","ocean_disable_margins":"enable","ocean_add_body_class":"","ocean_shortcode_before_top_bar":"","ocean_shortcode_after_top_bar":"","ocean_shortcode_before_header":"","ocean_shortcode_after_header":"","ocean_has_shortcode":"","ocean_shortcode_after_title":"","ocean_shortcode_before_footer_widgets":"","ocean_shortcode_after_footer_widgets":"","ocean_shortcode_before_footer_bottom":"","ocean_shortcode_after_footer_bottom":"","ocean_display_top_bar":"default","ocean_display_header":"default","ocean_header_style":"","ocean_center_header_left_menu":"0","ocean_custom_header_template":"0","ocean_custom_logo":0,"ocean_custom_retina_logo":0,"ocean_custom_logo_max_width":0,"ocean_custom_logo_tablet_max_width":0,"ocean_custom_logo_mobile_max_width":0,"ocean_custom_logo_max_height":0,"ocean_custom_logo_tablet_max_height":0,"ocean_custom_logo_mobile_max_height":0,"ocean_header_custom_menu":"0","ocean_menu_typo_font_family":"0","ocean_menu_typo_font_subset":"","ocean_menu_typo_font_size":0,"ocean_menu_typo_font_size_tablet":0,"ocean_menu_typo_font_size_mobile":0,"ocean_menu_typo_font_size_unit":"px","ocean_menu_typo_font_weight":"","ocean_menu_typo_font_weight_tablet":"","ocean_menu_typo_font_weight_mobile":"","ocean_menu_typo_transform":"","ocean_menu_typo_transform_tablet":"","ocean_menu_typo_transform_mobile":"","ocean_menu_typo_line_height":0,"ocean_menu_typo_line_height_tablet":0,"ocean_menu_typo_line_height_mobile":0,"ocean_menu_typo_line_height_unit":"","ocean_menu_typo_spacing":0,"ocean_menu_typo_spacing_tablet":0,"ocean_menu_typo_spacing_mobile":0,"ocean_menu_typo_spacing_unit":"","ocean_menu_link_color":"","ocean_menu_link_color_hover":"","ocean_menu_link_color_active":"","ocean_menu_link_background":"","ocean_menu_link_hover_background":"","ocean_menu_link_active_background":"","ocean_menu_social_links_bg":"","ocean_menu_social_hover_links_bg":"","ocean_menu_social_links_color":"","ocean_menu_social_hover_links_color":"","ocean_disable_title":"default","ocean_disable_heading":"default","ocean_post_title":"","ocean_post_subheading":"","ocean_post_title_style":"","ocean_post_title_background_color":"","ocean_post_title_background":0,"ocean_post_title_bg_image_position":"","ocean_post_title_bg_image_attachment":"","ocean_post_title_bg_image_repeat":"","ocean_post_title_bg_image_size":"","ocean_post_title_height":0,"ocean_post_title_bg_overlay":0.5,"ocean_post_title_bg_overlay_color":"","ocean_disable_breadcrumbs":"default","ocean_breadcrumbs_color":"","ocean_breadcrumbs_separator_color":"","ocean_breadcrumbs_links_color":"","ocean_breadcrumbs_links_hover_color":"","ocean_display_footer_widgets":"default","ocean_display_footer_bottom":"default","ocean_custom_footer_template":"0","ofc_meta_disable_footer_callout":"","ofc_meta_callout_button_url":"","ofc_meta_callout_button_txt":"","ofc_meta_callout_text":"","ofc_enable_fullscreen":"disable","ofc_fullscreen_speed":0,"ofc_fullscreen_nav":"enable","ofc_fullscreen_nav_pos":"right","ofc_fullscreen_nav_color":"","ofc_fullscreen_nav_tooltip_color":"","ofc_fullscreen_responsive":0,"osh_disable_topbar_sticky":"default","osh_disable_header_sticky":"default","osh_sticky_header_style":"default","osh_sticky_header_effect":"","osh_custom_sticky_logo":0,"osh_custom_retina_sticky_logo":0,"osh_custom_sticky_logo_height":0,"osh_background_color":"","osh_links_color":"","osh_links_hover_color":"","osh_links_active_color":"","osh_links_bg_color":"","osh_links_hover_bg_color":"","osh_links_active_bg_color":"","osh_menu_social_links_color":"","osh_menu_social_hover_links_color":"","footnotes":""},"class_list":["post-38","page","type-page","status-publish","hentry","entry"],"_links":{"self":[{"href":"https:\/\/feuerwehr-holzhausen-porta.de\/index.php?rest_route=\/wp\/v2\/pages\/38","targetHints":{"allow":["GET"]}}],"collection":[{"href":"https:\/\/feuerwehr-holzhausen-porta.de\/index.php?rest_route=\/wp\/v2\/pages"}],"about":[{"href":"https:\/\/feuerwehr-holzhausen-porta.de\/index.php?rest_route=\/wp\/v2\/types\/page"}],"author":[{"embeddable":true,"href":"https:\/\/feuerwehr-holzhausen-porta.de\/index.php?rest_route=\/wp\/v2\/users\/1"}],"replies":[{"embeddable":true,"href":"https:\/\/feuerwehr-holzhausen-porta.de\/index.php?rest_route=%2Fwp%2Fv2%2Fcomments&post=38"}],"version-history":[{"count":7,"href":"https:\/\/feuerwehr-holzhausen-porta.de\/index.php?rest_route=\/wp\/v2\/pages\/38\/revisions"}],"predecessor-version":[{"id":9209,"href":"https:\/\/feuerwehr-holzhausen-porta.de\/index.php?rest_route=\/wp\/v2\/pages\/38\/revisions\/9209"}],"wp:attachment":[{"href":"https:\/\/feuerwehr-holzhausen-porta.de\/index.php?rest_route=%2Fwp%2Fv2%2Fmedia&parent=38"}],"curies":[{"name":"wp","href":"https:\/\/api.w.org\/{rel}","templated":true}]}}