{"id":42,"date":"2018-12-20T12:48:59","date_gmt":"2018-12-20T11:48:59","guid":{"rendered":"http:\/\/192.168.100.11\/wordpress\/?page_id=42"},"modified":"2022-08-19T14:34:28","modified_gmt":"2022-08-19T12:34:28","slug":"standort","status":"publish","type":"page","link":"https:\/\/feuerwehr-holzhausen-porta.de\/?page_id=42","title":{"rendered":"Standort"},"content":{"rendered":"\n<h1 class=\"has-text-align-center wp-block-heading\">Standort der Freiwilligen Feuerwehr Holzhausen \/ Porta Westfalica<\/h1>\n\n\n\n<p class=\"has-text-align-center has-medium-font-size\">an der M\u00f6llberger Stra\u00dfe 69<\/p>\n\n\n<div class=\"wp-block-image\">\n<figure class=\"aligncenter size-large\"><img loading=\"lazy\" decoding=\"async\" width=\"1024\" height=\"504\" src=\"https:\/\/feuerwehr-holzhausen-porta.de\/wp-content\/uploads\/2022\/08\/WhatsApp-Image-2022-08-17-at-11.35.45-2-1024x504.jpg\" alt=\"\" class=\"wp-image-6896\" srcset=\"https:\/\/feuerwehr-holzhausen-porta.de\/wp-content\/uploads\/2022\/08\/WhatsApp-Image-2022-08-17-at-11.35.45-2-1024x504.jpg 1024w, https:\/\/feuerwehr-holzhausen-porta.de\/wp-content\/uploads\/2022\/08\/WhatsApp-Image-2022-08-17-at-11.35.45-2-300x148.jpg 300w, https:\/\/feuerwehr-holzhausen-porta.de\/wp-content\/uploads\/2022\/08\/WhatsApp-Image-2022-08-17-at-11.35.45-2-768x378.jpg 768w, https:\/\/feuerwehr-holzhausen-porta.de\/wp-content\/uploads\/2022\/08\/WhatsApp-Image-2022-08-17-at-11.35.45-2-1536x756.jpg 1536w, https:\/\/feuerwehr-holzhausen-porta.de\/wp-content\/uploads\/2022\/08\/WhatsApp-Image-2022-08-17-at-11.35.45-2.jpg 1600w\" sizes=\"auto, (max-width: 1024px) 100vw, 1024px\" \/><\/figure>\n<\/div>\n\n\n<p class=\"has-text-align-center has-medium-font-size\">Ein renoviertes, f\u00fcr&nbsp;Asylbewerber gebautes, Haus mit Anbau<br>(Umkleidekabine, gro\u00dfe Fahrzeughalle)<br>Offizielle Einweihung am 26.03.2005<\/p>\n","protected":false},"excerpt":{"rendered":"<p>Standort der Freiwilligen Feuerwehr Holzhausen \/ Porta Westfalica an der M\u00f6llberger Stra\u00dfe 69 Ein renoviertes, f\u00fcr&nbsp;Asylbewerber gebautes, Haus mit Anbau(Umkleidekabine, gro\u00dfe Fahrzeughalle)Offizielle Einweihung am 26.03.2005<\/p>\n","protected":false},"author":1,"featured_media":0,"parent":0,"menu_order":0,"comment_status":"closed","ping_status":"closed","template":"","meta":{"ocean_post_layout":"","ocean_both_sidebars_style":"","ocean_both_sidebars_content_width":0,"ocean_both_sidebars_sidebars_width":0,"ocean_sidebar":"0","ocean_second_sidebar":"0","ocean_disable_margins":"enable","ocean_add_body_class":"","ocean_shortcode_before_top_bar":"","ocean_shortcode_after_top_bar":"","ocean_shortcode_before_header":"","ocean_shortcode_after_header":"","ocean_has_shortcode":"","ocean_shortcode_after_title":"","ocean_shortcode_before_footer_widgets":"","ocean_shortcode_after_footer_widgets":"","ocean_shortcode_before_footer_bottom":"","ocean_shortcode_after_footer_bottom":"","ocean_display_top_bar":"default","ocean_display_header":"default","ocean_header_style":"","ocean_center_header_left_menu":"0","ocean_custom_header_template":"0","ocean_custom_logo":0,"ocean_custom_retina_logo":0,"ocean_custom_logo_max_width":0,"ocean_custom_logo_tablet_max_width":0,"ocean_custom_logo_mobile_max_width":0,"ocean_custom_logo_max_height":0,"ocean_custom_logo_tablet_max_height":0,"ocean_custom_logo_mobile_max_height":0,"ocean_header_custom_menu":"0","ocean_menu_typo_font_family":"0","ocean_menu_typo_font_subset":"","ocean_menu_typo_font_size":0,"ocean_menu_typo_font_size_tablet":0,"ocean_menu_typo_font_size_mobile":0,"ocean_menu_typo_font_size_unit":"px","ocean_menu_typo_font_weight":"","ocean_menu_typo_font_weight_tablet":"","ocean_menu_typo_font_weight_mobile":"","ocean_menu_typo_transform":"","ocean_menu_typo_transform_tablet":"","ocean_menu_typo_transform_mobile":"","ocean_menu_typo_line_height":0,"ocean_menu_typo_line_height_tablet":0,"ocean_menu_typo_line_height_mobile":0,"ocean_menu_typo_line_height_unit":"","ocean_menu_typo_spacing":0,"ocean_menu_typo_spacing_tablet":0,"ocean_menu_typo_spacing_mobile":0,"ocean_menu_typo_spacing_unit":"","ocean_menu_link_color":"","ocean_menu_link_color_hover":"","ocean_menu_link_color_active":"","ocean_menu_link_background":"","ocean_menu_link_hover_background":"","ocean_menu_link_active_background":"","ocean_menu_social_links_bg":"","ocean_menu_social_hover_links_bg":"","ocean_menu_social_links_color":"","ocean_menu_social_hover_links_color":"","ocean_disable_title":"default","ocean_disable_heading":"default","ocean_post_title":"","ocean_post_subheading":"","ocean_post_title_style":"","ocean_post_title_background_color":"","ocean_post_title_background":0,"ocean_post_title_bg_image_position":"","ocean_post_title_bg_image_attachment":"","ocean_post_title_bg_image_repeat":"","ocean_post_title_bg_image_size":"","ocean_post_title_height":0,"ocean_post_title_bg_overlay":0.5,"ocean_post_title_bg_overlay_color":"","ocean_disable_breadcrumbs":"default","ocean_breadcrumbs_color":"","ocean_breadcrumbs_separator_color":"","ocean_breadcrumbs_links_color":"","ocean_breadcrumbs_links_hover_color":"","ocean_display_footer_widgets":"default","ocean_display_footer_bottom":"default","ocean_custom_footer_template":"0","ofc_meta_disable_footer_callout":"","ofc_meta_callout_button_url":"","ofc_meta_callout_button_txt":"","ofc_meta_callout_text":"","ofc_enable_fullscreen":"disable","ofc_fullscreen_speed":0,"ofc_fullscreen_nav":"enable","ofc_fullscreen_nav_pos":"right","ofc_fullscreen_nav_color":"","ofc_fullscreen_nav_tooltip_color":"","ofc_fullscreen_responsive":0,"osh_disable_topbar_sticky":"default","osh_disable_header_sticky":"default","osh_sticky_header_style":"default","osh_sticky_header_effect":"","osh_custom_sticky_logo":0,"osh_custom_retina_sticky_logo":0,"osh_custom_sticky_logo_height":0,"osh_background_color":"","osh_links_color":"","osh_links_hover_color":"","osh_links_active_color":"","osh_links_bg_color":"","osh_links_hover_bg_color":"","osh_links_active_bg_color":"","osh_menu_social_links_color":"","osh_menu_social_hover_links_color":"","footnotes":""},"class_list":["post-42","page","type-page","status-publish","hentry","entry"],"_links":{"self":[{"href":"https:\/\/feuerwehr-holzhausen-porta.de\/index.php?rest_route=\/wp\/v2\/pages\/42","targetHints":{"allow":["GET"]}}],"collection":[{"href":"https:\/\/feuerwehr-holzhausen-porta.de\/index.php?rest_route=\/wp\/v2\/pages"}],"about":[{"href":"https:\/\/feuerwehr-holzhausen-porta.de\/index.php?rest_route=\/wp\/v2\/types\/page"}],"author":[{"embeddable":true,"href":"https:\/\/feuerwehr-holzhausen-porta.de\/index.php?rest_route=\/wp\/v2\/users\/1"}],"replies":[{"embeddable":true,"href":"https:\/\/feuerwehr-holzhausen-porta.de\/index.php?rest_route=%2Fwp%2Fv2%2Fcomments&post=42"}],"version-history":[{"count":15,"href":"https:\/\/feuerwehr-holzhausen-porta.de\/index.php?rest_route=\/wp\/v2\/pages\/42\/revisions"}],"predecessor-version":[{"id":6902,"href":"https:\/\/feuerwehr-holzhausen-porta.de\/index.php?rest_route=\/wp\/v2\/pages\/42\/revisions\/6902"}],"wp:attachment":[{"href":"https:\/\/feuerwehr-holzhausen-porta.de\/index.php?rest_route=%2Fwp%2Fv2%2Fmedia&parent=42"}],"curies":[{"name":"wp","href":"https:\/\/api.w.org\/{rel}","templated":true}]}}