{"id":795,"date":"2019-01-15T16:23:51","date_gmt":"2019-01-15T15:23:51","guid":{"rendered":"http:\/\/fkaleth.de\/?page_id=795"},"modified":"2026-02-18T20:48:59","modified_gmt":"2026-02-18T19:48:59","slug":"links","status":"publish","type":"page","link":"https:\/\/feuerwehr-holzhausen-porta.de\/?page_id=795","title":{"rendered":"Links"},"content":{"rendered":"\n<h2 class=\"wp-block-heading has-text-align-center\"><a rel=\"noreferrer noopener\" href=\"https:\/\/www.feuerwehr-porta.de\" target=\"_blank\"> Feuerwehr Porta Westfalica<\/a><\/h2>\n\n\n\n<h2 class=\"wp-block-heading has-text-align-center\"><a href=\"https:\/\/feuerwehr-porta.de\/abteilungen\/jugendfeuerwehr\/\" target=\"_blank\" rel=\"noreferrer noopener\">Kinder- und Jugendfeuerwehr Porta Westfalica<\/a><\/h2>\n\n\n\n<hr class=\"wp-block-separator has-alpha-channel-opacity is-style-wide\"\/>\n\n\n\n<h3 class=\"wp-block-heading has-text-align-center\">L\u00f6schgruppen<\/h3>\n\n\n\n<figure class=\"wp-block-table aligncenter is-style-regular\" style=\"font-size:16px\"><table class=\"has-white-background-color has-background\"><tbody><tr><td class=\"has-text-align-center\" data-align=\"center\"><a href=\"https:\/\/feuerwehr-porta.de\/struktur-der-feuerwehr\/loeschgruppen\/hausberge\/\" data-type=\"URL\" data-id=\"https:\/\/feuerwehr-porta.de\/struktur-der-feuerwehr\/zug-1-florian-porta-1-c-dienst\/hausberge\/\" target=\"_blank\" rel=\"noreferrer noopener\"><strong><strong>Hausberge<\/strong><\/strong> &#8211; <strong>Lohfeld<\/strong><\/a> (<a href=\"https:\/\/feuerwehr-hausberge-lohfeld.de\" data-type=\"URL\" data-id=\"https:\/\/feuerwehr-hausberge-lohfeld.de\" target=\"_blank\" rel=\"noreferrer noopener\">W<\/a>)<\/td><td class=\"has-text-align-center\" data-align=\"center\"><a href=\"https:\/\/feuerwehr-porta.de\/struktur-der-feuerwehr\/loeschgruppen\/neesen-lerbeck\/\" data-type=\"URL\" data-id=\"https:\/\/feuerwehr-porta.de\/struktur-der-feuerwehr\/zug-2-florian-porta-2-c-dienst\/neesen-lerbeck\/\" target=\"_blank\" rel=\"noreferrer noopener\"><strong>Neesen &#8211; Lerbeck<\/strong><\/a><\/td><td class=\"has-text-align-center\" data-align=\"center\"><a href=\"https:\/\/feuerwehr-porta.de\/struktur-der-feuerwehr\/loeschgruppen\/kleinenbremen-wuelpke\/\" data-type=\"URL\" data-id=\"https:\/\/feuerwehr-porta.de\/struktur-der-feuerwehr\/zug-3-florian-porta-3-c-dienst\/kleinenbremen-wuelpke\/\" target=\"_blank\" rel=\"noreferrer noopener\"><strong>Kleinenbremen &#8211; W\u00fclpke<\/strong><\/a> (<a href=\"https:\/\/www.feuerwehr-kleinenbremen-wuelpke.de\" data-type=\"URL\" data-id=\"https:\/\/www.feuerwehr-kleinenbremen-wuelpke.de\" target=\"_blank\" rel=\"noreferrer noopener\">W<\/a>)<\/td><\/tr><tr><td class=\"has-text-align-center\" data-align=\"center\"><a href=\"https:\/\/feuerwehr-porta.de\/struktur-der-feuerwehr\/loeschgruppen\/holzhausen\/\" data-type=\"URL\" data-id=\"https:\/\/feuerwehr-porta.de\/struktur-der-feuerwehr\/zug-5-florian-porta-5-c-dienst\/holzhausen\/\" target=\"_blank\" rel=\"noreferrer noopener\"><strong>Holzhausen<\/strong><\/a> (<a rel=\"noreferrer noopener\" href=\"https:\/\/feuerwehr-holzhausen-porta.de\" data-type=\"URL\" data-id=\"https:\/\/feuerwehr-holzhausen-porta.de\" target=\"_blank\">W<\/a>)<\/td><td class=\"has-text-align-center\" data-align=\"center\"><strong><a href=\"https:\/\/feuerwehr-porta.de\/struktur-der-feuerwehr\/loeschgruppen\/eisbergen\/\" target=\"_blank\" rel=\"noreferrer noopener\">Eisbergen<\/a><\/strong><\/td><td class=\"has-text-align-center\" data-align=\"center\"><strong><a href=\"https:\/\/feuerwehr-porta.de\/struktur-der-feuerwehr\/loeschgruppen\/nammen\/\" data-type=\"link\" data-id=\"https:\/\/feuerwehr-porta.de\/struktur-der-feuerwehr\/loeschgruppen\/nammen\/\" target=\"_blank\" rel=\"noreferrer noopener\">Nammen<\/a><\/strong><\/td><\/tr><tr><td class=\"has-text-align-center\" data-align=\"center\"><strong><a href=\"https:\/\/feuerwehr-porta.de\/struktur-der-feuerwehr\/loeschgruppen\/holtrup-vennebeck-costedt\/\" data-type=\"link\" data-id=\"https:\/\/feuerwehr-porta.de\/struktur-der-feuerwehr\/loeschgruppen\/holtrup-vennebeck-costedt\/\" target=\"_blank\" rel=\"noreferrer noopener\"><strong>Holtrup &#8211; Vennebeck &#8211; Costedt<\/strong><\/a><\/strong> (<a href=\"https:\/\/feuerwehr-hoveco.de\" data-type=\"URL\" data-id=\"https:\/\/feuerwehr-hoveco.de\" target=\"_blank\" rel=\"noreferrer noopener\">W<\/a>)<\/td><td class=\"has-text-align-center\" data-align=\"center\"><strong><a href=\"https:\/\/feuerwehr-porta.de\/struktur-der-feuerwehr\/loeschgruppen\/veltheim-moellbergen\/\" data-type=\"link\" data-id=\"https:\/\/feuerwehr-porta.de\/struktur-der-feuerwehr\/loeschgruppen\/veltheim-moellbergen\/\" target=\"_blank\" rel=\"noreferrer noopener\">Veltheim &#8211; M\u00f6llbergen<\/a><\/strong><\/td><td class=\"has-text-align-center\" data-align=\"center\"><strong><a href=\"https:\/\/feuerwehr-porta.de\/struktur-der-feuerwehr\/loeschgruppen\/barkhausen\/\" data-type=\"URL\" data-id=\"https:\/\/feuerwehr-porta.de\/struktur-der-feuerwehr\/zug-2-florian-porta-2-c-dienst\/barkhausen\/\" target=\"_blank\" rel=\"noreferrer noopener\">Barkhausen<\/a><\/strong><\/td><\/tr><\/tbody><\/table><figcaption class=\"wp-element-caption\">(W) = Eigene Website der L\u00f6schgruppe<\/figcaption><\/figure>\n\n\n\n<hr class=\"wp-block-separator has-alpha-channel-opacity is-style-wide\"\/>\n\n\n\n<p class=\"has-text-align-center has-very-dark-gray-color has-text-color has-small-font-size\"><strong><em>Wir \u00fcbernehmen keine Haftung<\/em><\/strong> <strong><em> f\u00fcr Inhalte auf den verlinkten Seiten!<\/em><\/strong><\/p>\n\n\n\n<hr class=\"wp-block-separator has-alpha-channel-opacity is-style-wide\"\/>\n\n\n\n<div style=\"height:20px\" aria-hidden=\"true\" class=\"wp-block-spacer\"><\/div>\n\n\n\n<p><\/p>\n","protected":false},"excerpt":{"rendered":"<p>Feuerwehr Porta Westfalica Kinder- und Jugendfeuerwehr Porta Westfalica L\u00f6schgruppen Hausberge &#8211; Lohfeld (W) Neesen &#8211; Lerbeck Kleinenbremen &#8211; W\u00fclpke (W) Holzhausen (W) Eisbergen Nammen Holtrup &#8211; Vennebeck &#8211; Costedt (W) Veltheim &#8211; M\u00f6llbergen Barkhausen (W) = Eigene Website der L\u00f6schgruppe Wir \u00fcbernehmen keine Haftung f\u00fcr Inhalte auf den verlinkten Seiten!<\/p>\n","protected":false},"author":1,"featured_media":0,"parent":0,"menu_order":0,"comment_status":"closed","ping_status":"closed","template":"","meta":{"ocean_post_layout":"","ocean_both_sidebars_style":"","ocean_both_sidebars_content_width":0,"ocean_both_sidebars_sidebars_width":0,"ocean_sidebar":"0","ocean_second_sidebar":"0","ocean_disable_margins":"enable","ocean_add_body_class":"","ocean_shortcode_before_top_bar":"","ocean_shortcode_after_top_bar":"","ocean_shortcode_before_header":"","ocean_shortcode_after_header":"","ocean_has_shortcode":"","ocean_shortcode_after_title":"","ocean_shortcode_before_footer_widgets":"","ocean_shortcode_after_footer_widgets":"","ocean_shortcode_before_footer_bottom":"","ocean_shortcode_after_footer_bottom":"","ocean_display_top_bar":"default","ocean_display_header":"default","ocean_header_style":"","ocean_center_header_left_menu":"0","ocean_custom_header_template":"0","ocean_custom_logo":0,"ocean_custom_retina_logo":0,"ocean_custom_logo_max_width":0,"ocean_custom_logo_tablet_max_width":0,"ocean_custom_logo_mobile_max_width":0,"ocean_custom_logo_max_height":0,"ocean_custom_logo_tablet_max_height":0,"ocean_custom_logo_mobile_max_height":0,"ocean_header_custom_menu":"0","ocean_menu_typo_font_family":"0","ocean_menu_typo_font_subset":"","ocean_menu_typo_font_size":0,"ocean_menu_typo_font_size_tablet":0,"ocean_menu_typo_font_size_mobile":0,"ocean_menu_typo_font_size_unit":"px","ocean_menu_typo_font_weight":"","ocean_menu_typo_font_weight_tablet":"","ocean_menu_typo_font_weight_mobile":"","ocean_menu_typo_transform":"","ocean_menu_typo_transform_tablet":"","ocean_menu_typo_transform_mobile":"","ocean_menu_typo_line_height":0,"ocean_menu_typo_line_height_tablet":0,"ocean_menu_typo_line_height_mobile":0,"ocean_menu_typo_line_height_unit":"","ocean_menu_typo_spacing":0,"ocean_menu_typo_spacing_tablet":0,"ocean_menu_typo_spacing_mobile":0,"ocean_menu_typo_spacing_unit":"","ocean_menu_link_color":"","ocean_menu_link_color_hover":"","ocean_menu_link_color_active":"","ocean_menu_link_background":"","ocean_menu_link_hover_background":"","ocean_menu_link_active_background":"","ocean_menu_social_links_bg":"","ocean_menu_social_hover_links_bg":"","ocean_menu_social_links_color":"","ocean_menu_social_hover_links_color":"","ocean_disable_title":"default","ocean_disable_heading":"default","ocean_post_title":"","ocean_post_subheading":"","ocean_post_title_style":"","ocean_post_title_background_color":"","ocean_post_title_background":0,"ocean_post_title_bg_image_position":"","ocean_post_title_bg_image_attachment":"","ocean_post_title_bg_image_repeat":"","ocean_post_title_bg_image_size":"","ocean_post_title_height":0,"ocean_post_title_bg_overlay":0.5,"ocean_post_title_bg_overlay_color":"","ocean_disable_breadcrumbs":"default","ocean_breadcrumbs_color":"","ocean_breadcrumbs_separator_color":"","ocean_breadcrumbs_links_color":"","ocean_breadcrumbs_links_hover_color":"","ocean_display_footer_widgets":"default","ocean_display_footer_bottom":"default","ocean_custom_footer_template":"0","ofc_meta_disable_footer_callout":"","ofc_meta_callout_button_url":"","ofc_meta_callout_button_txt":"","ofc_meta_callout_text":"","ofc_enable_fullscreen":"disable","ofc_fullscreen_speed":0,"ofc_fullscreen_nav":"enable","ofc_fullscreen_nav_pos":"right","ofc_fullscreen_nav_color":"","ofc_fullscreen_nav_tooltip_color":"","ofc_fullscreen_responsive":0,"osh_disable_topbar_sticky":"default","osh_disable_header_sticky":"default","osh_sticky_header_style":"default","osh_sticky_header_effect":"","osh_custom_sticky_logo":0,"osh_custom_retina_sticky_logo":0,"osh_custom_sticky_logo_height":0,"osh_background_color":"","osh_links_color":"","osh_links_hover_color":"","osh_links_active_color":"","osh_links_bg_color":"","osh_links_hover_bg_color":"","osh_links_active_bg_color":"","osh_menu_social_links_color":"","osh_menu_social_hover_links_color":"","footnotes":""},"class_list":["post-795","page","type-page","status-publish","hentry","entry"],"_links":{"self":[{"href":"https:\/\/feuerwehr-holzhausen-porta.de\/index.php?rest_route=\/wp\/v2\/pages\/795","targetHints":{"allow":["GET"]}}],"collection":[{"href":"https:\/\/feuerwehr-holzhausen-porta.de\/index.php?rest_route=\/wp\/v2\/pages"}],"about":[{"href":"https:\/\/feuerwehr-holzhausen-porta.de\/index.php?rest_route=\/wp\/v2\/types\/page"}],"author":[{"embeddable":true,"href":"https:\/\/feuerwehr-holzhausen-porta.de\/index.php?rest_route=\/wp\/v2\/users\/1"}],"replies":[{"embeddable":true,"href":"https:\/\/feuerwehr-holzhausen-porta.de\/index.php?rest_route=%2Fwp%2Fv2%2Fcomments&post=795"}],"version-history":[{"count":80,"href":"https:\/\/feuerwehr-holzhausen-porta.de\/index.php?rest_route=\/wp\/v2\/pages\/795\/revisions"}],"predecessor-version":[{"id":11670,"href":"https:\/\/feuerwehr-holzhausen-porta.de\/index.php?rest_route=\/wp\/v2\/pages\/795\/revisions\/11670"}],"wp:attachment":[{"href":"https:\/\/feuerwehr-holzhausen-porta.de\/index.php?rest_route=%2Fwp%2Fv2%2Fmedia&parent=795"}],"curies":[{"name":"wp","href":"https:\/\/api.w.org\/{rel}","templated":true}]}}