{"id":820,"date":"2019-01-15T16:45:16","date_gmt":"2019-01-15T15:45:16","guid":{"rendered":"http:\/\/fkaleth.de\/?page_id=820"},"modified":"2023-10-08T15:55:16","modified_gmt":"2023-10-08T13:55:16","slug":"lf-10","status":"publish","type":"page","link":"https:\/\/feuerwehr-holzhausen-porta.de\/?page_id=820","title":{"rendered":"LF 10 &#8211; L\u00f6schgruppenfahrzeug"},"content":{"rendered":"\n<h1 class=\"wp-block-heading has-text-align-center\">LF 10 &#8211; L\u00f6schgruppenfahrzeug<\/h1>\n\n\n\n<p>Funkrufname:<br><strong>[FL-POW02-LF10]<\/strong><br><\/p>\n\n\n\n<figure class=\"wp-block-image\"><img decoding=\"async\" src=\"https:\/\/feuerwehr-holzhausen-porta.de\/wp-content\/uploads\/2019\/01\/Fahrzeug_LF10-1024x768.jpg\" alt=\"\" class=\"wp-image-545\"\/><\/figure>\n\n\n\n<p class=\"has-vivid-red-color has-text-color has-medium-font-size\">Das Fahrzeug enth\u00e4lt die&nbsp;Ausr\u00fcstung zur Brandbek\u00e4mpfung f\u00fcr eine Gruppe,<br>sowie die Ausstattung f\u00fcr technische Hilfeleistungen kleineren Umfangs.<\/p>\n\n\n\n<figure class=\"wp-block-table aligncenter is-style-regular\"><table class=\"has-background has-fixed-layout\" style=\"background-color:#f3f4f5\"><tbody><tr><td>Gesamtgewicht :<\/td><td>\u2696  12 Tonnen <\/td><\/tr><tr><td>Antriebsart :<\/td><td>\ud83d\ude92  Stra\u00dfenantrieb <\/td><\/tr><tr><td>Leistung :<\/td><td>\ud83d\udc0e  177 PS <\/td><\/tr><tr><td>Besatzung :<\/td><td>\ud83d\udc69\ud83c\udffc\u200d\ud83d\ude92  9 Einsatzkr\u00e4fte <\/td><\/tr><tr><td>Pumpenleistung :<\/td><td>\ud83c\udf0a  1.000 l\/min <\/td><\/tr><tr><td>L\u00f6schwasser :<\/td><td>\ud83d\udca7  1.000 l <\/td><\/tr><tr><td>Schaummittel :<\/td><td>\ud83e\uddfc  120 l  <\/td><\/tr><tr><td>Lichtmast :<\/td><td>\ud83d\udca1  2x 1.000 Watt <\/td><\/tr><\/tbody><\/table><\/figure>\n\n\n\n<p><\/p>\n","protected":false},"excerpt":{"rendered":"<p>LF 10 &#8211; L\u00f6schgruppenfahrzeug Funkrufname:[FL-POW02-LF10] Das Fahrzeug enth\u00e4lt die&nbsp;Ausr\u00fcstung zur Brandbek\u00e4mpfung f\u00fcr eine Gruppe,sowie die Ausstattung f\u00fcr technische Hilfeleistungen kleineren Umfangs. Gesamtgewicht : \u2696 12 Tonnen Antriebsart : \ud83d\ude92 Stra\u00dfenantrieb Leistung : \ud83d\udc0e 177 PS Besatzung : \ud83d\udc69\ud83c\udffc\u200d\ud83d\ude92 9 Einsatzkr\u00e4fte Pumpenleistung : \ud83c\udf0a 1.000 l\/min L\u00f6schwasser : \ud83d\udca7 1.000 l Schaummittel : \ud83e\uddfc 120 l [&hellip;]<\/p>\n","protected":false},"author":1,"featured_media":0,"parent":0,"menu_order":0,"comment_status":"closed","ping_status":"closed","template":"","meta":{"ocean_post_layout":"","ocean_both_sidebars_style":"","ocean_both_sidebars_content_width":0,"ocean_both_sidebars_sidebars_width":0,"ocean_sidebar":"0","ocean_second_sidebar":"0","ocean_disable_margins":"enable","ocean_add_body_class":"","ocean_shortcode_before_top_bar":"","ocean_shortcode_after_top_bar":"","ocean_shortcode_before_header":"","ocean_shortcode_after_header":"","ocean_has_shortcode":"","ocean_shortcode_after_title":"","ocean_shortcode_before_footer_widgets":"","ocean_shortcode_after_footer_widgets":"","ocean_shortcode_before_footer_bottom":"","ocean_shortcode_after_footer_bottom":"","ocean_display_top_bar":"default","ocean_display_header":"default","ocean_header_style":"","ocean_center_header_left_menu":"0","ocean_custom_header_template":"0","ocean_custom_logo":0,"ocean_custom_retina_logo":0,"ocean_custom_logo_max_width":0,"ocean_custom_logo_tablet_max_width":0,"ocean_custom_logo_mobile_max_width":0,"ocean_custom_logo_max_height":0,"ocean_custom_logo_tablet_max_height":0,"ocean_custom_logo_mobile_max_height":0,"ocean_header_custom_menu":"0","ocean_menu_typo_font_family":"0","ocean_menu_typo_font_subset":"","ocean_menu_typo_font_size":0,"ocean_menu_typo_font_size_tablet":0,"ocean_menu_typo_font_size_mobile":0,"ocean_menu_typo_font_size_unit":"px","ocean_menu_typo_font_weight":"","ocean_menu_typo_font_weight_tablet":"","ocean_menu_typo_font_weight_mobile":"","ocean_menu_typo_transform":"","ocean_menu_typo_transform_tablet":"","ocean_menu_typo_transform_mobile":"","ocean_menu_typo_line_height":0,"ocean_menu_typo_line_height_tablet":0,"ocean_menu_typo_line_height_mobile":0,"ocean_menu_typo_line_height_unit":"","ocean_menu_typo_spacing":0,"ocean_menu_typo_spacing_tablet":0,"ocean_menu_typo_spacing_mobile":0,"ocean_menu_typo_spacing_unit":"","ocean_menu_link_color":"","ocean_menu_link_color_hover":"","ocean_menu_link_color_active":"","ocean_menu_link_background":"","ocean_menu_link_hover_background":"","ocean_menu_link_active_background":"","ocean_menu_social_links_bg":"","ocean_menu_social_hover_links_bg":"","ocean_menu_social_links_color":"","ocean_menu_social_hover_links_color":"","ocean_disable_title":"default","ocean_disable_heading":"default","ocean_post_title":"","ocean_post_subheading":"","ocean_post_title_style":"","ocean_post_title_background_color":"","ocean_post_title_background":0,"ocean_post_title_bg_image_position":"","ocean_post_title_bg_image_attachment":"","ocean_post_title_bg_image_repeat":"","ocean_post_title_bg_image_size":"","ocean_post_title_height":0,"ocean_post_title_bg_overlay":0.5,"ocean_post_title_bg_overlay_color":"","ocean_disable_breadcrumbs":"default","ocean_breadcrumbs_color":"","ocean_breadcrumbs_separator_color":"","ocean_breadcrumbs_links_color":"","ocean_breadcrumbs_links_hover_color":"","ocean_display_footer_widgets":"default","ocean_display_footer_bottom":"default","ocean_custom_footer_template":"0","ofc_meta_disable_footer_callout":"","ofc_meta_callout_button_url":"","ofc_meta_callout_button_txt":"","ofc_meta_callout_text":"","ofc_enable_fullscreen":"disable","ofc_fullscreen_speed":0,"ofc_fullscreen_nav":"enable","ofc_fullscreen_nav_pos":"right","ofc_fullscreen_nav_color":"","ofc_fullscreen_nav_tooltip_color":"","ofc_fullscreen_responsive":0,"osh_disable_topbar_sticky":"default","osh_disable_header_sticky":"default","osh_sticky_header_style":"default","osh_sticky_header_effect":"","osh_custom_sticky_logo":0,"osh_custom_retina_sticky_logo":0,"osh_custom_sticky_logo_height":0,"osh_background_color":"","osh_links_color":"","osh_links_hover_color":"","osh_links_active_color":"","osh_links_bg_color":"","osh_links_hover_bg_color":"","osh_links_active_bg_color":"","osh_menu_social_links_color":"","osh_menu_social_hover_links_color":"","footnotes":""},"class_list":["post-820","page","type-page","status-publish","hentry","entry"],"_links":{"self":[{"href":"https:\/\/feuerwehr-holzhausen-porta.de\/index.php?rest_route=\/wp\/v2\/pages\/820","targetHints":{"allow":["GET"]}}],"collection":[{"href":"https:\/\/feuerwehr-holzhausen-porta.de\/index.php?rest_route=\/wp\/v2\/pages"}],"about":[{"href":"https:\/\/feuerwehr-holzhausen-porta.de\/index.php?rest_route=\/wp\/v2\/types\/page"}],"author":[{"embeddable":true,"href":"https:\/\/feuerwehr-holzhausen-porta.de\/index.php?rest_route=\/wp\/v2\/users\/1"}],"replies":[{"embeddable":true,"href":"https:\/\/feuerwehr-holzhausen-porta.de\/index.php?rest_route=%2Fwp%2Fv2%2Fcomments&post=820"}],"version-history":[{"count":33,"href":"https:\/\/feuerwehr-holzhausen-porta.de\/index.php?rest_route=\/wp\/v2\/pages\/820\/revisions"}],"predecessor-version":[{"id":9941,"href":"https:\/\/feuerwehr-holzhausen-porta.de\/index.php?rest_route=\/wp\/v2\/pages\/820\/revisions\/9941"}],"wp:attachment":[{"href":"https:\/\/feuerwehr-holzhausen-porta.de\/index.php?rest_route=%2Fwp%2Fv2%2Fmedia&parent=820"}],"curies":[{"name":"wp","href":"https:\/\/api.w.org\/{rel}","templated":true}]}}