{"id":830,"date":"2019-01-15T16:46:35","date_gmt":"2019-01-15T15:46:35","guid":{"rendered":"http:\/\/fkaleth.de\/?page_id=830"},"modified":"2022-06-21T15:01:24","modified_gmt":"2022-06-21T13:01:24","slug":"mtf","status":"publish","type":"page","link":"https:\/\/feuerwehr-holzhausen-porta.de\/?page_id=830","title":{"rendered":"MTF-1 &#8211; Mannschaftstranporter"},"content":{"rendered":"\n<h1 class=\"has-text-align-center wp-block-heading\">MTF-1 &#8211; Mannschaftstranporter<\/h1>\n\n\n\n<p>Funkrufname:<br><strong>[FL-POW02-MTF-1]<\/strong><br><\/p>\n\n\n\n<figure class=\"wp-block-gallery has-nested-images columns-default is-cropped wp-block-gallery-1 is-layout-flex wp-block-gallery-is-layout-flex\">\n<figure class=\"wp-block-image size-full\"><a href=\"https:\/\/feuerwehr-holzhausen-porta.de\/wp-content\/uploads\/2022\/06\/WhatsApp-Image-2022-06-18-at-16.49.30-2.jpeg\"><img loading=\"lazy\" decoding=\"async\" width=\"1024\" height=\"683\" data-id=\"6750\" src=\"https:\/\/feuerwehr-holzhausen-porta.de\/wp-content\/uploads\/2022\/06\/WhatsApp-Image-2022-06-18-at-16.49.30-2.jpeg\" alt=\"\" class=\"wp-image-6750\" srcset=\"https:\/\/feuerwehr-holzhausen-porta.de\/wp-content\/uploads\/2022\/06\/WhatsApp-Image-2022-06-18-at-16.49.30-2.jpeg 1024w, https:\/\/feuerwehr-holzhausen-porta.de\/wp-content\/uploads\/2022\/06\/WhatsApp-Image-2022-06-18-at-16.49.30-2-300x200.jpeg 300w, https:\/\/feuerwehr-holzhausen-porta.de\/wp-content\/uploads\/2022\/06\/WhatsApp-Image-2022-06-18-at-16.49.30-2-768x512.jpeg 768w, https:\/\/feuerwehr-holzhausen-porta.de\/wp-content\/uploads\/2022\/06\/WhatsApp-Image-2022-06-18-at-16.49.30-2-391x260.jpeg 391w\" sizes=\"auto, (max-width: 1024px) 100vw, 1024px\" \/><\/a><\/figure>\n<\/figure>\n\n\n\n<p class=\"has-text-align-left has-vivid-red-color has-text-color has-medium-font-size\">Das Fahrzeug dient zur Bef\u00f6rderung weiterer Einsatzkr\u00e4fte und deren Ausr\u00fcstung.<br>Weiterhin dient es zum Transport der Jugendfeuerwehr.<\/p>\n\n\n\n<figure class=\"wp-block-table is-style-stripes\"><table class=\"has-fixed-layout\"><tbody><tr><td> Gesamtgewicht : <\/td><td>\u2696 ? Tonnen <\/td><\/tr><tr><td> Antriebsart : <\/td><td>\ud83d\ude92 ?<\/td><\/tr><tr><td> Leistung : <\/td><td>\ud83d\udc0e ? PS <\/td><\/tr><tr><td> Besatzung : <\/td><td>\ud83d\udc69\ud83c\udffc\u200d\ud83d\ude92 9 Einsatzkr\u00e4fte <\/td><\/tr><\/tbody><\/table><\/figure>\n\n\n\n<figure class=\"wp-block-gallery has-nested-images columns-default is-cropped wp-block-gallery-2 is-layout-flex wp-block-gallery-is-layout-flex\">\n<figure class=\"wp-block-image size-large\"><a href=\"https:\/\/feuerwehr-holzhausen-porta.de\/wp-content\/uploads\/2022\/06\/WhatsApp-Image-2022-06-18-at-16.49.30-1.jpeg\"><img loading=\"lazy\" decoding=\"async\" width=\"1024\" height=\"683\" data-id=\"6752\" src=\"https:\/\/feuerwehr-holzhausen-porta.de\/wp-content\/uploads\/2022\/06\/WhatsApp-Image-2022-06-18-at-16.49.30-1.jpeg\" alt=\"\" class=\"wp-image-6752\" srcset=\"https:\/\/feuerwehr-holzhausen-porta.de\/wp-content\/uploads\/2022\/06\/WhatsApp-Image-2022-06-18-at-16.49.30-1.jpeg 1024w, https:\/\/feuerwehr-holzhausen-porta.de\/wp-content\/uploads\/2022\/06\/WhatsApp-Image-2022-06-18-at-16.49.30-1-300x200.jpeg 300w, https:\/\/feuerwehr-holzhausen-porta.de\/wp-content\/uploads\/2022\/06\/WhatsApp-Image-2022-06-18-at-16.49.30-1-768x512.jpeg 768w, https:\/\/feuerwehr-holzhausen-porta.de\/wp-content\/uploads\/2022\/06\/WhatsApp-Image-2022-06-18-at-16.49.30-1-391x260.jpeg 391w\" sizes=\"auto, (max-width: 1024px) 100vw, 1024px\" \/><\/a><\/figure>\n\n\n\n<figure class=\"wp-block-image size-large\"><a href=\"https:\/\/feuerwehr-holzhausen-porta.de\/wp-content\/uploads\/2022\/06\/WhatsApp-Image-2022-06-18-at-16.49.30.jpeg\"><img loading=\"lazy\" decoding=\"async\" width=\"1024\" height=\"683\" data-id=\"6753\" src=\"https:\/\/feuerwehr-holzhausen-porta.de\/wp-content\/uploads\/2022\/06\/WhatsApp-Image-2022-06-18-at-16.49.30.jpeg\" alt=\"\" class=\"wp-image-6753\" srcset=\"https:\/\/feuerwehr-holzhausen-porta.de\/wp-content\/uploads\/2022\/06\/WhatsApp-Image-2022-06-18-at-16.49.30.jpeg 1024w, https:\/\/feuerwehr-holzhausen-porta.de\/wp-content\/uploads\/2022\/06\/WhatsApp-Image-2022-06-18-at-16.49.30-300x200.jpeg 300w, https:\/\/feuerwehr-holzhausen-porta.de\/wp-content\/uploads\/2022\/06\/WhatsApp-Image-2022-06-18-at-16.49.30-768x512.jpeg 768w, https:\/\/feuerwehr-holzhausen-porta.de\/wp-content\/uploads\/2022\/06\/WhatsApp-Image-2022-06-18-at-16.49.30-391x260.jpeg 391w\" sizes=\"auto, (max-width: 1024px) 100vw, 1024px\" \/><\/a><\/figure>\n<\/figure>\n","protected":false},"excerpt":{"rendered":"<p>MTF-1 &#8211; Mannschaftstranporter Funkrufname:[FL-POW02-MTF-1] Das Fahrzeug dient zur Bef\u00f6rderung weiterer Einsatzkr\u00e4fte und deren Ausr\u00fcstung.Weiterhin dient es zum Transport der Jugendfeuerwehr. Gesamtgewicht : \u2696 ? Tonnen Antriebsart : \ud83d\ude92 ? Leistung : \ud83d\udc0e ? PS Besatzung : \ud83d\udc69\ud83c\udffc\u200d\ud83d\ude92 9 Einsatzkr\u00e4fte<\/p>\n","protected":false},"author":1,"featured_media":0,"parent":0,"menu_order":0,"comment_status":"closed","ping_status":"closed","template":"","meta":{"ocean_post_layout":"","ocean_both_sidebars_style":"","ocean_both_sidebars_content_width":0,"ocean_both_sidebars_sidebars_width":0,"ocean_sidebar":"0","ocean_second_sidebar":"0","ocean_disable_margins":"enable","ocean_add_body_class":"","ocean_shortcode_before_top_bar":"","ocean_shortcode_after_top_bar":"","ocean_shortcode_before_header":"","ocean_shortcode_after_header":"","ocean_has_shortcode":"","ocean_shortcode_after_title":"","ocean_shortcode_before_footer_widgets":"","ocean_shortcode_after_footer_widgets":"","ocean_shortcode_before_footer_bottom":"","ocean_shortcode_after_footer_bottom":"","ocean_display_top_bar":"default","ocean_display_header":"default","ocean_header_style":"","ocean_center_header_left_menu":"0","ocean_custom_header_template":"0","ocean_custom_logo":0,"ocean_custom_retina_logo":0,"ocean_custom_logo_max_width":0,"ocean_custom_logo_tablet_max_width":0,"ocean_custom_logo_mobile_max_width":0,"ocean_custom_logo_max_height":0,"ocean_custom_logo_tablet_max_height":0,"ocean_custom_logo_mobile_max_height":0,"ocean_header_custom_menu":"0","ocean_menu_typo_font_family":"0","ocean_menu_typo_font_subset":"","ocean_menu_typo_font_size":0,"ocean_menu_typo_font_size_tablet":0,"ocean_menu_typo_font_size_mobile":0,"ocean_menu_typo_font_size_unit":"px","ocean_menu_typo_font_weight":"","ocean_menu_typo_font_weight_tablet":"","ocean_menu_typo_font_weight_mobile":"","ocean_menu_typo_transform":"","ocean_menu_typo_transform_tablet":"","ocean_menu_typo_transform_mobile":"","ocean_menu_typo_line_height":0,"ocean_menu_typo_line_height_tablet":0,"ocean_menu_typo_line_height_mobile":0,"ocean_menu_typo_line_height_unit":"","ocean_menu_typo_spacing":0,"ocean_menu_typo_spacing_tablet":0,"ocean_menu_typo_spacing_mobile":0,"ocean_menu_typo_spacing_unit":"","ocean_menu_link_color":"","ocean_menu_link_color_hover":"","ocean_menu_link_color_active":"","ocean_menu_link_background":"","ocean_menu_link_hover_background":"","ocean_menu_link_active_background":"","ocean_menu_social_links_bg":"","ocean_menu_social_hover_links_bg":"","ocean_menu_social_links_color":"","ocean_menu_social_hover_links_color":"","ocean_disable_title":"default","ocean_disable_heading":"default","ocean_post_title":"","ocean_post_subheading":"","ocean_post_title_style":"","ocean_post_title_background_color":"","ocean_post_title_background":0,"ocean_post_title_bg_image_position":"","ocean_post_title_bg_image_attachment":"","ocean_post_title_bg_image_repeat":"","ocean_post_title_bg_image_size":"","ocean_post_title_height":0,"ocean_post_title_bg_overlay":0.5,"ocean_post_title_bg_overlay_color":"","ocean_disable_breadcrumbs":"default","ocean_breadcrumbs_color":"","ocean_breadcrumbs_separator_color":"","ocean_breadcrumbs_links_color":"","ocean_breadcrumbs_links_hover_color":"","ocean_display_footer_widgets":"default","ocean_display_footer_bottom":"default","ocean_custom_footer_template":"0","ofc_meta_disable_footer_callout":"","ofc_meta_callout_button_url":"","ofc_meta_callout_button_txt":"","ofc_meta_callout_text":"","ofc_enable_fullscreen":"disable","ofc_fullscreen_speed":0,"ofc_fullscreen_nav":"enable","ofc_fullscreen_nav_pos":"right","ofc_fullscreen_nav_color":"","ofc_fullscreen_nav_tooltip_color":"","ofc_fullscreen_responsive":0,"osh_disable_topbar_sticky":"default","osh_disable_header_sticky":"default","osh_sticky_header_style":"default","osh_sticky_header_effect":"","osh_custom_sticky_logo":0,"osh_custom_retina_sticky_logo":0,"osh_custom_sticky_logo_height":0,"osh_background_color":"","osh_links_color":"","osh_links_hover_color":"","osh_links_active_color":"","osh_links_bg_color":"","osh_links_hover_bg_color":"","osh_links_active_bg_color":"","osh_menu_social_links_color":"","osh_menu_social_hover_links_color":"","footnotes":""},"class_list":["post-830","page","type-page","status-publish","hentry","entry"],"_links":{"self":[{"href":"https:\/\/feuerwehr-holzhausen-porta.de\/index.php?rest_route=\/wp\/v2\/pages\/830","targetHints":{"allow":["GET"]}}],"collection":[{"href":"https:\/\/feuerwehr-holzhausen-porta.de\/index.php?rest_route=\/wp\/v2\/pages"}],"about":[{"href":"https:\/\/feuerwehr-holzhausen-porta.de\/index.php?rest_route=\/wp\/v2\/types\/page"}],"author":[{"embeddable":true,"href":"https:\/\/feuerwehr-holzhausen-porta.de\/index.php?rest_route=\/wp\/v2\/users\/1"}],"replies":[{"embeddable":true,"href":"https:\/\/feuerwehr-holzhausen-porta.de\/index.php?rest_route=%2Fwp%2Fv2%2Fcomments&post=830"}],"version-history":[{"count":13,"href":"https:\/\/feuerwehr-holzhausen-porta.de\/index.php?rest_route=\/wp\/v2\/pages\/830\/revisions"}],"predecessor-version":[{"id":6763,"href":"https:\/\/feuerwehr-holzhausen-porta.de\/index.php?rest_route=\/wp\/v2\/pages\/830\/revisions\/6763"}],"wp:attachment":[{"href":"https:\/\/feuerwehr-holzhausen-porta.de\/index.php?rest_route=%2Fwp%2Fv2%2Fmedia&parent=830"}],"curies":[{"name":"wp","href":"https:\/\/api.w.org\/{rel}","templated":true}]}}